{"id":16,"date":"2025-03-17T18:27:13","date_gmt":"2025-03-17T18:27:13","guid":{"rendered":"https:\/\/institut-itp.si\/?page_id=16"},"modified":"2025-07-06T15:17:41","modified_gmt":"2025-07-06T15:17:41","slug":"blog","status":"publish","type":"page","link":"https:\/\/institut-itp.si\/en\/blog\/","title":{"rendered":"Blog"},"content":{"rendered":"<div class=\"fusion-fullwidth fullwidth-box fusion-builder-row-1 fusion-flex-container fusion-parallax-none nonhundred-percent-fullwidth non-hundred-percent-height-scrolling blogwrap\" style=\"--awb-background-position:center top;--awb-border-radius-top-left:0px;--awb-border-radius-top-right:0px;--awb-border-radius-bottom-right:0px;--awb-border-radius-bottom-left:0px;--awb-padding-top:0px;--awb-padding-bottom:60px;--awb-margin-bottom:0px;--awb-background-color:#ffffff;--awb-background-image:url(&quot;https:\/\/gifted-clarke.91-237-33-134.plesk.page\/wp-content\/uploads\/2025\/03\/blogbg-3.png&quot;);--awb-background-size:cover;--awb-flex-wrap:wrap;\" ><div class=\"fusion-builder-row fusion-row fusion-flex-align-items-center fusion-flex-justify-content-center fusion-flex-content-wrap\" style=\"max-width:1248px;margin-left: calc(-4% \/ 2 );margin-right: calc(-4% \/ 2 );\"><div class=\"fusion-layout-column fusion_builder_column fusion-builder-column-0 fusion_builder_column_1_1 1_1 fusion-flex-column\" style=\"--awb-bg-size:cover;--awb-width-large:100%;--awb-margin-top-large:50px;--awb-spacing-right-large:0%;--awb-margin-bottom-large:50px;--awb-spacing-left-large:0%;--awb-width-medium:100%;--awb-order-medium:0;--awb-spacing-right-medium:0%;--awb-spacing-left-medium:0%;--awb-width-small:100%;--awb-order-small:0;--awb-spacing-right-small:1.92%;--awb-spacing-left-small:1.92%;\"><div class=\"fusion-column-wrapper fusion-column-has-shadow fusion-flex-justify-content-center fusion-content-layout-row\"><div class=\"fusion-title title fusion-title-1 fusion-sep-none fusion-title-text fusion-title-size-one\" style=\"--awb-margin-top-small:10px;--awb-margin-right-small:0px;--awb-margin-bottom-small:10px;--awb-margin-left-small:0px;\"><h1 class=\"fusion-title-heading title-heading-left\" style=\"margin:0;text-transform:none;\">Blog<\/h1><\/div><\/div><\/div><div class=\"fusion-layout-column fusion_builder_column fusion-builder-column-1 fusion_builder_column_1_1 1_1 fusion-flex-column blogwraps\" style=\"--awb-bg-color:rgba(242,242,242,0);--awb-bg-color-hover:rgba(242,242,242,0);--awb-bg-size:cover;--awb-width-large:100%;--awb-margin-top-large:0px;--awb-spacing-right-large:0%;--awb-margin-bottom-large:50px;--awb-spacing-left-large:0%;--awb-width-medium:100%;--awb-order-medium:0;--awb-spacing-right-medium:0%;--awb-spacing-left-medium:0%;--awb-width-small:100%;--awb-order-small:0;--awb-spacing-right-small:1.92%;--awb-spacing-left-small:1.92%;\"><div class=\"fusion-column-wrapper fusion-column-has-shadow fusion-flex-justify-content-center fusion-content-layout-column\"><div class=\"fusion-blog-shortcode fusion-blog-shortcode-1 fusion-blog-archive fusion-blog-layout-grid-wrapper fusion-blog-pagination\" style=\"--awb-title-font-size:30px;\"><style type=\"text\/css\">.fusion-blog-shortcode-1 .fusion-blog-layout-grid .fusion-post-grid{padding:0px;}.fusion-blog-shortcode-1 .fusion-posts-container{margin-left: -0px !important; margin-right:-0px !important;}<\/style><div class=\"fusion-posts-container fusion-posts-container-pagination fusion-blog-rollover fusion-blog-layout-grid fusion-blog-layout-grid-2 isotope fusion-blog-equal-heights\" data-pages=\"1\" data-grid-col-space=\"0.0\" style=\"margin: -0px -0px 0;min-height:500px;\"><article id=\"blog-1-post-1248\" class=\"fusion-post-grid post-1248 post type-post status-publish format-standard hentry category-uncategorized\">\n<div class=\"fusion-post-wrapper\" style=\"background-color:rgba(255,255,255,1);border:1px solid var(--awb-color2);border-bottom-width:3px;\">\n\n<div class=\"fusion-post-content-wrapper\" style=\"padding:30px 25px 25px 25px;\"><div class=\"fusion-post-content post-content\"><h2 class=\"blog-shortcode-post-title entry-title\"><a href=\"https:\/\/institut-itp.si\/en\/razlike-med-transpersonalno-in-klasicno-psihoterapijo\/\">RAZLIKE MED TRANSPERSONALNO IN KLASI\u010cNO PSIHOTERAPIJO<\/a><\/h2><p class=\"fusion-single-line-meta\">By <span class=\"vcard\"><span class=\"fn\"><a href=\"https:\/\/institut-itp.si\/en\/author\/institut-itp\/\" title=\"Posts by institut-itp\" rel=\"author\">institut-itp<\/a><\/span><\/span><span class=\"fusion-inline-sep\">|<\/span><span class=\"updated\" style=\"display:none;\">2025-07-06T14:51:29+00:00<\/span><span>July 6, 2025<\/span><span class=\"fusion-inline-sep\">|<\/span>Categories: <a href=\"https:\/\/institut-itp.si\/en\/category\/uncategorized\/\" rel=\"category tag\">Uncategorized<\/a><span class=\"fusion-inline-sep\">|<\/span><\/p><div class=\"fusion-content-sep sep-double sep-solid\"><\/div><div class=\"fusion-post-content-container\"><p> Transpersonalna psihoterapija je veja psihologije, ki v terapevtski proces vklju\u010duje dimenzije, ki jih klasi\u010dna psihoterapija pogosto izpu\u0161\u010da \u2013 duhovnost, raz\u0161irjena stanja zavesti, izku\u0161nje enosti in arhetipsko simboliko. Gre za nadgradnjo klasi\u010dnih pristopov[...]<\/p><\/div><\/div><div class=\"fusion-meta-info\"><div class=\"fusion-alignleft\"><a class=\"fusion-read-more\" href=\"https:\/\/institut-itp.si\/en\/razlike-med-transpersonalno-in-klasicno-psihoterapijo\/\" aria-label=\"More on RAZLIKE MED TRANSPERSONALNO IN KLASI\u010cNO PSIHOTERAPIJO\">Read More<\/a><\/div><div class=\"fusion-alignright\"><a href=\"https:\/\/institut-itp.si\/en\/razlike-med-transpersonalno-in-klasicno-psihoterapijo\/#respond\"><i class=\"awb-icon-bubbles\" aria-hidden=\"true\"><\/i>&nbsp;0<\/a><\/div><\/div><\/div><div class=\"fusion-clearfix\"><\/div><\/div>\n<\/article>\n<article id=\"blog-1-post-1246\" class=\"fusion-post-grid post-1246 post type-post status-publish format-standard hentry category-uncategorized\">\n<div class=\"fusion-post-wrapper\" style=\"background-color:rgba(255,255,255,1);border:1px solid var(--awb-color2);border-bottom-width:3px;\">\n\n<div class=\"fusion-post-content-wrapper\" style=\"padding:30px 25px 25px 25px;\"><div class=\"fusion-post-content post-content\"><h2 class=\"blog-shortcode-post-title entry-title\"><a href=\"https:\/\/institut-itp.si\/en\/prakticni-prirocnik-vaje-za-delo-z-razsirjeno-zavestjo\/\">PRAKTI\u010cNI PRIRO\u010cNIK: Vaje za delo z raz\u0161irjeno zavestjo<\/a><\/h2><p class=\"fusion-single-line-meta\">By <span class=\"vcard\"><span class=\"fn\"><a href=\"https:\/\/institut-itp.si\/en\/author\/institut-itp\/\" title=\"Posts by institut-itp\" rel=\"author\">institut-itp<\/a><\/span><\/span><span class=\"fusion-inline-sep\">|<\/span><span class=\"updated\" style=\"display:none;\">2025-07-06T14:48:33+00:00<\/span><span>July 6, 2025<\/span><span class=\"fusion-inline-sep\">|<\/span>Categories: <a href=\"https:\/\/institut-itp.si\/en\/category\/uncategorized\/\" rel=\"category tag\">Uncategorized<\/a><span class=\"fusion-inline-sep\">|<\/span><\/p><div class=\"fusion-content-sep sep-double sep-solid\"><\/div><div class=\"fusion-post-content-container\"><p> Transpersonalna psihologija ni le teorija, temve\u010d predvsem praksa. Raz\u0161irjena ali spremenjena stanja zavesti predstavljajo vrata do globlje samopodobe, notranjega zdravljenja in osebne preobrazbe. V nadaljevanju so predstavljene prakti\u010dne vaje, ki jih lahko[...]<\/p><\/div><\/div><div class=\"fusion-meta-info\"><div class=\"fusion-alignleft\"><a class=\"fusion-read-more\" href=\"https:\/\/institut-itp.si\/en\/prakticni-prirocnik-vaje-za-delo-z-razsirjeno-zavestjo\/\" aria-label=\"More on PRAKTI\u010cNI PRIRO\u010cNIK: Vaje za delo z raz\u0161irjeno zavestjo\">Read More<\/a><\/div><div class=\"fusion-alignright\"><a href=\"https:\/\/institut-itp.si\/en\/prakticni-prirocnik-vaje-za-delo-z-razsirjeno-zavestjo\/#respond\"><i class=\"awb-icon-bubbles\" aria-hidden=\"true\"><\/i>&nbsp;0<\/a><\/div><\/div><\/div><div class=\"fusion-clearfix\"><\/div><\/div>\n<\/article>\n<article id=\"blog-1-post-1233\" class=\"fusion-post-grid post-1233 post type-post status-publish format-standard hentry category-uncategorized\">\n<div class=\"fusion-post-wrapper\" style=\"background-color:rgba(255,255,255,1);border:1px solid var(--awb-color2);border-bottom-width:3px;\">\n\n<div class=\"fusion-post-content-wrapper\" style=\"padding:30px 25px 25px 25px;\"><div class=\"fusion-post-content post-content\"><h2 class=\"blog-shortcode-post-title entry-title\"><a href=\"https:\/\/institut-itp.si\/en\/kaj-je-transpersonalna-psihologija-in-kako-nam-lahko-pomaga-v-vsakdanjem-zivljenju\/\">Transpersonalna psihologija<\/a><\/h2><p class=\"fusion-single-line-meta\">By <span class=\"vcard\"><span class=\"fn\"><a href=\"https:\/\/institut-itp.si\/en\/author\/institut-itp\/\" title=\"Posts by institut-itp\" rel=\"author\">institut-itp<\/a><\/span><\/span><span class=\"fusion-inline-sep\">|<\/span><span class=\"updated\" style=\"display:none;\">2025-07-06T14:37:05+00:00<\/span><span>July 6, 2025<\/span><span class=\"fusion-inline-sep\">|<\/span>Categories: <a href=\"https:\/\/institut-itp.si\/en\/category\/uncategorized\/\" rel=\"category tag\">Uncategorized<\/a><span class=\"fusion-inline-sep\">|<\/span><\/p><div class=\"fusion-content-sep sep-double sep-solid\"><\/div><div class=\"fusion-post-content-container\"><p> Kaj je transpersonalna psihologija in kako nam lahko pomaga v vsakdanjem \u017eivljenju? Kaj je transpersonalna psihologija in kako nam lahko pomaga v vsakdanjem \u017eivljenju? Transpersonalna psihologija je veja psihologije, ki presega klasi\u010dne[...]<\/p><\/div><\/div><div class=\"fusion-meta-info\"><div class=\"fusion-alignleft\"><a class=\"fusion-read-more\" href=\"https:\/\/institut-itp.si\/en\/kaj-je-transpersonalna-psihologija-in-kako-nam-lahko-pomaga-v-vsakdanjem-zivljenju\/\" aria-label=\"More on Transpersonalna psihologija\">Read More<\/a><\/div><div class=\"fusion-alignright\"><a href=\"https:\/\/institut-itp.si\/en\/kaj-je-transpersonalna-psihologija-in-kako-nam-lahko-pomaga-v-vsakdanjem-zivljenju\/#respond\"><i class=\"awb-icon-bubbles\" aria-hidden=\"true\"><\/i>&nbsp;0<\/a><\/div><\/div><\/div><div class=\"fusion-clearfix\"><\/div><\/div>\n<\/article>\n<article id=\"blog-1-post-1241\" class=\"fusion-post-grid post-1241 post type-post status-publish format-standard hentry category-uncategorized\">\n<div class=\"fusion-post-wrapper\" style=\"background-color:rgba(255,255,255,1);border:1px solid var(--awb-color2);border-bottom-width:3px;\">\n\n<div class=\"fusion-post-content-wrapper\" style=\"padding:30px 25px 25px 25px;\"><div class=\"fusion-post-content post-content\"><h2 class=\"blog-shortcode-post-title entry-title\"><a href=\"https:\/\/institut-itp.si\/en\/brezplacna-vadba-terapevtske-joge-za-ledvice-in-mehur\/\">Brezpla\u010dna vadba terapevtske joge za ledvice in mehur<\/a><\/h2><p class=\"fusion-single-line-meta\">By <span class=\"vcard\"><span class=\"fn\"><a href=\"https:\/\/institut-itp.si\/en\/author\/institut-itp\/\" title=\"Posts by institut-itp\" rel=\"author\">institut-itp<\/a><\/span><\/span><span class=\"fusion-inline-sep\">|<\/span><span class=\"updated\" style=\"display:none;\">2025-07-06T14:53:45+00:00<\/span><span>June 30, 2025<\/span><span class=\"fusion-inline-sep\">|<\/span>Categories: <a href=\"https:\/\/institut-itp.si\/en\/category\/uncategorized\/\" rel=\"category tag\">Uncategorized<\/a><span class=\"fusion-inline-sep\">|<\/span><\/p><div class=\"fusion-content-sep sep-double sep-solid\"><\/div><div class=\"fusion-post-content-container\"><p> Brezpla\u010dna vadba terapevtske joge za ledvice in mehur Vabljen na posebno vadbo terapevtske joge, kjer bomo svojo pozornost usmerili v ledvice in mehur \u2013 organa, ki v tradicionalnih sistemih medicine, kot sta[...]<\/p><\/div><\/div><div class=\"fusion-meta-info\"><div class=\"fusion-alignleft\"><a class=\"fusion-read-more\" href=\"https:\/\/institut-itp.si\/en\/brezplacna-vadba-terapevtske-joge-za-ledvice-in-mehur\/\" aria-label=\"More on Brezpla\u010dna vadba terapevtske joge za ledvice in mehur\">Read More<\/a><\/div><div class=\"fusion-alignright\"><a href=\"https:\/\/institut-itp.si\/en\/brezplacna-vadba-terapevtske-joge-za-ledvice-in-mehur\/#respond\"><i class=\"awb-icon-bubbles\" aria-hidden=\"true\"><\/i>&nbsp;0<\/a><\/div><\/div><\/div><div class=\"fusion-clearfix\"><\/div><\/div>\n<\/article>\n<article id=\"blog-1-post-1016\" class=\"fusion-post-grid post-1016 post type-post status-publish format-standard hentry category-uncategorized\">\n<div class=\"fusion-post-wrapper\" style=\"background-color:rgba(255,255,255,1);border:1px solid var(--awb-color2);border-bottom-width:3px;\">\n\n<div class=\"fusion-post-content-wrapper\" style=\"padding:30px 25px 25px 25px;\"><div class=\"fusion-post-content post-content\"><h2 class=\"blog-shortcode-post-title entry-title\"><a href=\"https:\/\/institut-itp.si\/en\/nasa-spletna-akademija-je-zdaj-odprta\/\">Zagon spletne akademije!<\/a><\/h2><p class=\"fusion-single-line-meta\">By <span class=\"vcard\"><span class=\"fn\"><a href=\"https:\/\/institut-itp.si\/en\/author\/institut-itp\/\" title=\"Posts by institut-itp\" rel=\"author\">institut-itp<\/a><\/span><\/span><span class=\"fusion-inline-sep\">|<\/span><span class=\"updated\" style=\"display:none;\">2025-05-26T12:18:25+00:00<\/span><span>April 10, 2025<\/span><span class=\"fusion-inline-sep\">|<\/span>Categories: <a href=\"https:\/\/institut-itp.si\/en\/category\/uncategorized\/\" rel=\"category tag\">Uncategorized<\/a><span class=\"fusion-inline-sep\">|<\/span><\/p><div class=\"fusion-content-sep sep-double sep-solid\"><\/div><div class=\"fusion-post-content-container\"><p> Z velikim veseljem in ponosom vam predstavljamo novo poglavje na\u0161ega ustvarjanja \u2013 odprtje na\u0161e spletne akademije! Od zdaj naprej boste lahko dostopali do izobra\u017eevalnih vsebin kjerkoli in kadarkoli, prilagojenih va\u0161emu tempu in[...]<\/p><\/div><\/div><div class=\"fusion-meta-info\"><div class=\"fusion-alignleft\"><a class=\"fusion-read-more\" href=\"https:\/\/institut-itp.si\/en\/nasa-spletna-akademija-je-zdaj-odprta\/\" aria-label=\"More on Zagon spletne akademije!\">Read More<\/a><\/div><div class=\"fusion-alignright\"><a href=\"https:\/\/institut-itp.si\/en\/nasa-spletna-akademija-je-zdaj-odprta\/#respond\"><i class=\"awb-icon-bubbles\" aria-hidden=\"true\"><\/i>&nbsp;0<\/a><\/div><\/div><\/div><div class=\"fusion-clearfix\"><\/div><\/div>\n<\/article>\n<div class=\"fusion-clearfix\"><\/div><\/div><\/div><\/div><\/div><\/div><\/div>\n","protected":false},"excerpt":{"rendered":"","protected":false},"author":1,"featured_media":0,"parent":0,"menu_order":0,"comment_status":"closed","ping_status":"closed","template":"100-width.php","meta":{"footnotes":""},"class_list":["post-16","page","type-page","status-publish","hentry"],"yoast_head":"<!-- This site is optimized with the Yoast SEO plugin v27.3 - https:\/\/yoast.com\/product\/yoast-seo-wordpress\/ -->\n<title>Blog - In\u0161titut ITP<\/title>\n<meta name=\"robots\" content=\"index, follow, max-snippet:-1, max-image-preview:large, max-video-preview:-1\" \/>\n<link rel=\"canonical\" href=\"https:\/\/institut-itp.si\/en\/blog\/\" \/>\n<meta property=\"og:locale\" content=\"en_US\" \/>\n<meta property=\"og:type\" content=\"article\" \/>\n<meta property=\"og:title\" content=\"Blog - In\u0161titut ITP\" \/>\n<meta property=\"og:url\" content=\"https:\/\/institut-itp.si\/en\/blog\/\" \/>\n<meta property=\"og:site_name\" content=\"In\u0161titut ITP\" \/>\n<meta property=\"article:modified_time\" content=\"2025-07-06T15:17:41+00:00\" \/>\n<meta name=\"twitter:card\" content=\"summary_large_image\" \/>\n<meta name=\"twitter:label1\" content=\"Est. reading time\" \/>\n\t<meta name=\"twitter:data1\" content=\"4 minutes\" \/>\n<script type=\"application\/ld+json\" class=\"yoast-schema-graph\">{\"@context\":\"https:\\\/\\\/schema.org\",\"@graph\":[{\"@type\":\"WebPage\",\"@id\":\"https:\\\/\\\/institut-itp.si\\\/blog\\\/\",\"url\":\"https:\\\/\\\/institut-itp.si\\\/blog\\\/\",\"name\":\"Blog - In\u0161titut ITP\",\"isPartOf\":{\"@id\":\"https:\\\/\\\/institut-itp.si\\\/#website\"},\"datePublished\":\"2025-03-17T18:27:13+00:00\",\"dateModified\":\"2025-07-06T15:17:41+00:00\",\"breadcrumb\":{\"@id\":\"https:\\\/\\\/institut-itp.si\\\/blog\\\/#breadcrumb\"},\"inLanguage\":\"en-US\",\"potentialAction\":[{\"@type\":\"ReadAction\",\"target\":[\"https:\\\/\\\/institut-itp.si\\\/blog\\\/\"]}]},{\"@type\":\"BreadcrumbList\",\"@id\":\"https:\\\/\\\/institut-itp.si\\\/blog\\\/#breadcrumb\",\"itemListElement\":[{\"@type\":\"ListItem\",\"position\":1,\"name\":\"Home\",\"item\":\"https:\\\/\\\/institut-itp.si\\\/\"},{\"@type\":\"ListItem\",\"position\":2,\"name\":\"Blog\"}]},{\"@type\":\"WebSite\",\"@id\":\"https:\\\/\\\/institut-itp.si\\\/#website\",\"url\":\"https:\\\/\\\/institut-itp.si\\\/\",\"name\":\"In\u0161titut ITP\",\"description\":\"\",\"publisher\":{\"@id\":\"https:\\\/\\\/institut-itp.si\\\/#organization\"},\"potentialAction\":[{\"@type\":\"SearchAction\",\"target\":{\"@type\":\"EntryPoint\",\"urlTemplate\":\"https:\\\/\\\/institut-itp.si\\\/?s={search_term_string}\"},\"query-input\":{\"@type\":\"PropertyValueSpecification\",\"valueRequired\":true,\"valueName\":\"search_term_string\"}}],\"inLanguage\":\"en-US\"},{\"@type\":\"Organization\",\"@id\":\"https:\\\/\\\/institut-itp.si\\\/#organization\",\"name\":\"In\u0161titut ITP\",\"url\":\"https:\\\/\\\/institut-itp.si\\\/\",\"logo\":{\"@type\":\"ImageObject\",\"inLanguage\":\"en-US\",\"@id\":\"https:\\\/\\\/institut-itp.si\\\/#\\\/schema\\\/logo\\\/image\\\/\",\"url\":\"https:\\\/\\\/institut-itp.si\\\/wp-content\\\/uploads\\\/2025\\\/03\\\/secondary.png\",\"contentUrl\":\"https:\\\/\\\/institut-itp.si\\\/wp-content\\\/uploads\\\/2025\\\/03\\\/secondary.png\",\"width\":1155,\"height\":1137,\"caption\":\"In\u0161titut ITP\"},\"image\":{\"@id\":\"https:\\\/\\\/institut-itp.si\\\/#\\\/schema\\\/logo\\\/image\\\/\"}}]}<\/script>\n<!-- \/ Yoast SEO plugin. -->","yoast_head_json":{"title":"Blog - In\u0161titut ITP","robots":{"index":"index","follow":"follow","max-snippet":"max-snippet:-1","max-image-preview":"max-image-preview:large","max-video-preview":"max-video-preview:-1"},"canonical":"https:\/\/institut-itp.si\/en\/blog\/","og_locale":"en_US","og_type":"article","og_title":"Blog - In\u0161titut ITP","og_url":"https:\/\/institut-itp.si\/en\/blog\/","og_site_name":"In\u0161titut ITP","article_modified_time":"2025-07-06T15:17:41+00:00","twitter_card":"summary_large_image","twitter_misc":{"Est. reading time":"4 minutes"},"schema":{"@context":"https:\/\/schema.org","@graph":[{"@type":"WebPage","@id":"https:\/\/institut-itp.si\/blog\/","url":"https:\/\/institut-itp.si\/blog\/","name":"Blog - In\u0161titut ITP","isPartOf":{"@id":"https:\/\/institut-itp.si\/#website"},"datePublished":"2025-03-17T18:27:13+00:00","dateModified":"2025-07-06T15:17:41+00:00","breadcrumb":{"@id":"https:\/\/institut-itp.si\/blog\/#breadcrumb"},"inLanguage":"en-US","potentialAction":[{"@type":"ReadAction","target":["https:\/\/institut-itp.si\/blog\/"]}]},{"@type":"BreadcrumbList","@id":"https:\/\/institut-itp.si\/blog\/#breadcrumb","itemListElement":[{"@type":"ListItem","position":1,"name":"Home","item":"https:\/\/institut-itp.si\/"},{"@type":"ListItem","position":2,"name":"Blog"}]},{"@type":"WebSite","@id":"https:\/\/institut-itp.si\/#website","url":"https:\/\/institut-itp.si\/","name":"In\u0161titut ITP","description":"","publisher":{"@id":"https:\/\/institut-itp.si\/#organization"},"potentialAction":[{"@type":"SearchAction","target":{"@type":"EntryPoint","urlTemplate":"https:\/\/institut-itp.si\/?s={search_term_string}"},"query-input":{"@type":"PropertyValueSpecification","valueRequired":true,"valueName":"search_term_string"}}],"inLanguage":"en-US"},{"@type":"Organization","@id":"https:\/\/institut-itp.si\/#organization","name":"In\u0161titut ITP","url":"https:\/\/institut-itp.si\/","logo":{"@type":"ImageObject","inLanguage":"en-US","@id":"https:\/\/institut-itp.si\/#\/schema\/logo\/image\/","url":"https:\/\/institut-itp.si\/wp-content\/uploads\/2025\/03\/secondary.png","contentUrl":"https:\/\/institut-itp.si\/wp-content\/uploads\/2025\/03\/secondary.png","width":1155,"height":1137,"caption":"In\u0161titut ITP"},"image":{"@id":"https:\/\/institut-itp.si\/#\/schema\/logo\/image\/"}}]}},"_links":{"self":[{"href":"https:\/\/institut-itp.si\/en\/wp-json\/wp\/v2\/pages\/16","targetHints":{"allow":["GET"]}}],"collection":[{"href":"https:\/\/institut-itp.si\/en\/wp-json\/wp\/v2\/pages"}],"about":[{"href":"https:\/\/institut-itp.si\/en\/wp-json\/wp\/v2\/types\/page"}],"author":[{"embeddable":true,"href":"https:\/\/institut-itp.si\/en\/wp-json\/wp\/v2\/users\/1"}],"replies":[{"embeddable":true,"href":"https:\/\/institut-itp.si\/en\/wp-json\/wp\/v2\/comments?post=16"}],"version-history":[{"count":29,"href":"https:\/\/institut-itp.si\/en\/wp-json\/wp\/v2\/pages\/16\/revisions"}],"predecessor-version":[{"id":1325,"href":"https:\/\/institut-itp.si\/en\/wp-json\/wp\/v2\/pages\/16\/revisions\/1325"}],"wp:attachment":[{"href":"https:\/\/institut-itp.si\/en\/wp-json\/wp\/v2\/media?parent=16"}],"curies":[{"name":"wp","href":"https:\/\/api.w.org\/{rel}","templated":true}]}}