{"id":861,"date":"2025-03-31T15:12:21","date_gmt":"2025-03-31T15:12:21","guid":{"rendered":"https:\/\/institut-itp.si\/?post_type=product&#038;p=861"},"modified":"2025-03-31T15:12:21","modified_gmt":"2025-03-31T15:12:21","slug":"transpersonalna-hipnoza-za-popolno-zdravljenje-in-osvoboditev-od-karmicnih-vzorcev-s-pomocjo-visjih-zavesti","status":"publish","type":"product","link":"https:\/\/institut-itp.si\/en\/product\/transpersonalna-hipnoza-za-popolno-zdravljenje-in-osvoboditev-od-karmicnih-vzorcev-s-pomocjo-visjih-zavesti\/","title":{"rendered":"Transpersonal hypnosis for complete healing and liberation from karmic patterns with the help of higher consciousnesses"},"content":{"rendered":"","protected":false},"excerpt":{"rendered":"","protected":false},"featured_media":0,"comment_status":"open","ping_status":"closed","template":"","meta":[],"product_brand":[],"product_cat":[18],"product_tag":[],"class_list":{"0":"post-861","1":"product","2":"type-product","3":"status-publish","5":"product_cat-uncategorized","7":"first","8":"instock","9":"virtual","10":"taxable","11":"purchasable","12":"product-type-simple"},"yoast_head":"<!-- This site is optimized with the Yoast SEO plugin v27.3 - https:\/\/yoast.com\/product\/yoast-seo-wordpress\/ -->\n<title>Transpersonalna hipnoza za popolno zdravljenje in osvoboditev od karmi\u010dnih vzorcev s pomo\u010djo vi\u0161jih zavesti - In\u0161titut ITP<\/title>\n<meta name=\"robots\" content=\"index, follow, max-snippet:-1, max-image-preview:large, max-video-preview:-1\" \/>\n<link rel=\"canonical\" href=\"https:\/\/institut-itp.si\/en\/product\/transpersonalna-hipnoza-za-popolno-zdravljenje-in-osvoboditev-od-karmicnih-vzorcev-s-pomocjo-visjih-zavesti\/\" \/>\n<meta property=\"og:locale\" content=\"en_US\" \/>\n<meta property=\"og:type\" content=\"article\" \/>\n<meta property=\"og:title\" content=\"Transpersonalna hipnoza za popolno zdravljenje in osvoboditev od karmi\u010dnih vzorcev s pomo\u010djo vi\u0161jih zavesti - In\u0161titut ITP\" \/>\n<meta property=\"og:url\" content=\"https:\/\/institut-itp.si\/en\/product\/transpersonalna-hipnoza-za-popolno-zdravljenje-in-osvoboditev-od-karmicnih-vzorcev-s-pomocjo-visjih-zavesti\/\" \/>\n<meta property=\"og:site_name\" content=\"In\u0161titut ITP\" \/>\n<meta name=\"twitter:card\" content=\"summary_large_image\" \/>\n<script type=\"application\/ld+json\" class=\"yoast-schema-graph\">{\"@context\":\"https:\\\/\\\/schema.org\",\"@graph\":[{\"@type\":\"WebPage\",\"@id\":\"https:\\\/\\\/institut-itp.si\\\/product\\\/transpersonalna-hipnoza-za-popolno-zdravljenje-in-osvoboditev-od-karmicnih-vzorcev-s-pomocjo-visjih-zavesti\\\/\",\"url\":\"https:\\\/\\\/institut-itp.si\\\/product\\\/transpersonalna-hipnoza-za-popolno-zdravljenje-in-osvoboditev-od-karmicnih-vzorcev-s-pomocjo-visjih-zavesti\\\/\",\"name\":\"Transpersonalna hipnoza za popolno zdravljenje in osvoboditev od karmi\u010dnih vzorcev s pomo\u010djo vi\u0161jih zavesti - In\u0161titut ITP\",\"isPartOf\":{\"@id\":\"https:\\\/\\\/institut-itp.si\\\/#website\"},\"datePublished\":\"2025-03-31T15:12:21+00:00\",\"breadcrumb\":{\"@id\":\"https:\\\/\\\/institut-itp.si\\\/product\\\/transpersonalna-hipnoza-za-popolno-zdravljenje-in-osvoboditev-od-karmicnih-vzorcev-s-pomocjo-visjih-zavesti\\\/#breadcrumb\"},\"inLanguage\":\"en-US\",\"potentialAction\":[{\"@type\":\"ReadAction\",\"target\":[\"https:\\\/\\\/institut-itp.si\\\/product\\\/transpersonalna-hipnoza-za-popolno-zdravljenje-in-osvoboditev-od-karmicnih-vzorcev-s-pomocjo-visjih-zavesti\\\/\"]}]},{\"@type\":\"BreadcrumbList\",\"@id\":\"https:\\\/\\\/institut-itp.si\\\/product\\\/transpersonalna-hipnoza-za-popolno-zdravljenje-in-osvoboditev-od-karmicnih-vzorcev-s-pomocjo-visjih-zavesti\\\/#breadcrumb\",\"itemListElement\":[{\"@type\":\"ListItem\",\"position\":1,\"name\":\"Home\",\"item\":\"https:\\\/\\\/institut-itp.si\\\/\"},{\"@type\":\"ListItem\",\"position\":2,\"name\":\"Izdelki\",\"item\":\"https:\\\/\\\/institut-itp.si\\\/shop__trashed\\\/\"},{\"@type\":\"ListItem\",\"position\":3,\"name\":\"Transpersonalna hipnoza za popolno zdravljenje in osvoboditev od karmi\u010dnih vzorcev s pomo\u010djo vi\u0161jih zavesti\"}]},{\"@type\":\"WebSite\",\"@id\":\"https:\\\/\\\/institut-itp.si\\\/#website\",\"url\":\"https:\\\/\\\/institut-itp.si\\\/\",\"name\":\"In\u0161titut ITP\",\"description\":\"\",\"publisher\":{\"@id\":\"https:\\\/\\\/institut-itp.si\\\/#organization\"},\"potentialAction\":[{\"@type\":\"SearchAction\",\"target\":{\"@type\":\"EntryPoint\",\"urlTemplate\":\"https:\\\/\\\/institut-itp.si\\\/?s={search_term_string}\"},\"query-input\":{\"@type\":\"PropertyValueSpecification\",\"valueRequired\":true,\"valueName\":\"search_term_string\"}}],\"inLanguage\":\"en-US\"},{\"@type\":\"Organization\",\"@id\":\"https:\\\/\\\/institut-itp.si\\\/#organization\",\"name\":\"In\u0161titut ITP\",\"url\":\"https:\\\/\\\/institut-itp.si\\\/\",\"logo\":{\"@type\":\"ImageObject\",\"inLanguage\":\"en-US\",\"@id\":\"https:\\\/\\\/institut-itp.si\\\/#\\\/schema\\\/logo\\\/image\\\/\",\"url\":\"https:\\\/\\\/institut-itp.si\\\/wp-content\\\/uploads\\\/2025\\\/03\\\/secondary.png\",\"contentUrl\":\"https:\\\/\\\/institut-itp.si\\\/wp-content\\\/uploads\\\/2025\\\/03\\\/secondary.png\",\"width\":1155,\"height\":1137,\"caption\":\"In\u0161titut ITP\"},\"image\":{\"@id\":\"https:\\\/\\\/institut-itp.si\\\/#\\\/schema\\\/logo\\\/image\\\/\"}}]}<\/script>\n<!-- \/ Yoast SEO plugin. -->","yoast_head_json":{"title":"Transpersonalna hipnoza za popolno zdravljenje in osvoboditev od karmi\u010dnih vzorcev s pomo\u010djo vi\u0161jih zavesti - In\u0161titut ITP","robots":{"index":"index","follow":"follow","max-snippet":"max-snippet:-1","max-image-preview":"max-image-preview:large","max-video-preview":"max-video-preview:-1"},"canonical":"https:\/\/institut-itp.si\/en\/product\/transpersonalna-hipnoza-za-popolno-zdravljenje-in-osvoboditev-od-karmicnih-vzorcev-s-pomocjo-visjih-zavesti\/","og_locale":"en_US","og_type":"article","og_title":"Transpersonalna hipnoza za popolno zdravljenje in osvoboditev od karmi\u010dnih vzorcev s pomo\u010djo vi\u0161jih zavesti - In\u0161titut ITP","og_url":"https:\/\/institut-itp.si\/en\/product\/transpersonalna-hipnoza-za-popolno-zdravljenje-in-osvoboditev-od-karmicnih-vzorcev-s-pomocjo-visjih-zavesti\/","og_site_name":"In\u0161titut ITP","twitter_card":"summary_large_image","schema":{"@context":"https:\/\/schema.org","@graph":[{"@type":"WebPage","@id":"https:\/\/institut-itp.si\/product\/transpersonalna-hipnoza-za-popolno-zdravljenje-in-osvoboditev-od-karmicnih-vzorcev-s-pomocjo-visjih-zavesti\/","url":"https:\/\/institut-itp.si\/product\/transpersonalna-hipnoza-za-popolno-zdravljenje-in-osvoboditev-od-karmicnih-vzorcev-s-pomocjo-visjih-zavesti\/","name":"Transpersonalna hipnoza za popolno zdravljenje in osvoboditev od karmi\u010dnih vzorcev s pomo\u010djo vi\u0161jih zavesti - In\u0161titut ITP","isPartOf":{"@id":"https:\/\/institut-itp.si\/#website"},"datePublished":"2025-03-31T15:12:21+00:00","breadcrumb":{"@id":"https:\/\/institut-itp.si\/product\/transpersonalna-hipnoza-za-popolno-zdravljenje-in-osvoboditev-od-karmicnih-vzorcev-s-pomocjo-visjih-zavesti\/#breadcrumb"},"inLanguage":"en-US","potentialAction":[{"@type":"ReadAction","target":["https:\/\/institut-itp.si\/product\/transpersonalna-hipnoza-za-popolno-zdravljenje-in-osvoboditev-od-karmicnih-vzorcev-s-pomocjo-visjih-zavesti\/"]}]},{"@type":"BreadcrumbList","@id":"https:\/\/institut-itp.si\/product\/transpersonalna-hipnoza-za-popolno-zdravljenje-in-osvoboditev-od-karmicnih-vzorcev-s-pomocjo-visjih-zavesti\/#breadcrumb","itemListElement":[{"@type":"ListItem","position":1,"name":"Home","item":"https:\/\/institut-itp.si\/"},{"@type":"ListItem","position":2,"name":"Izdelki","item":"https:\/\/institut-itp.si\/shop__trashed\/"},{"@type":"ListItem","position":3,"name":"Transpersonalna hipnoza za popolno zdravljenje in osvoboditev od karmi\u010dnih vzorcev s pomo\u010djo vi\u0161jih zavesti"}]},{"@type":"WebSite","@id":"https:\/\/institut-itp.si\/#website","url":"https:\/\/institut-itp.si\/","name":"In\u0161titut ITP","description":"","publisher":{"@id":"https:\/\/institut-itp.si\/#organization"},"potentialAction":[{"@type":"SearchAction","target":{"@type":"EntryPoint","urlTemplate":"https:\/\/institut-itp.si\/?s={search_term_string}"},"query-input":{"@type":"PropertyValueSpecification","valueRequired":true,"valueName":"search_term_string"}}],"inLanguage":"en-US"},{"@type":"Organization","@id":"https:\/\/institut-itp.si\/#organization","name":"In\u0161titut ITP","url":"https:\/\/institut-itp.si\/","logo":{"@type":"ImageObject","inLanguage":"en-US","@id":"https:\/\/institut-itp.si\/#\/schema\/logo\/image\/","url":"https:\/\/institut-itp.si\/wp-content\/uploads\/2025\/03\/secondary.png","contentUrl":"https:\/\/institut-itp.si\/wp-content\/uploads\/2025\/03\/secondary.png","width":1155,"height":1137,"caption":"In\u0161titut ITP"},"image":{"@id":"https:\/\/institut-itp.si\/#\/schema\/logo\/image\/"}}]}},"_links":{"self":[{"href":"https:\/\/institut-itp.si\/en\/wp-json\/wp\/v2\/product\/861","targetHints":{"allow":["GET"]}}],"collection":[{"href":"https:\/\/institut-itp.si\/en\/wp-json\/wp\/v2\/product"}],"about":[{"href":"https:\/\/institut-itp.si\/en\/wp-json\/wp\/v2\/types\/product"}],"replies":[{"embeddable":true,"href":"https:\/\/institut-itp.si\/en\/wp-json\/wp\/v2\/comments?post=861"}],"wp:attachment":[{"href":"https:\/\/institut-itp.si\/en\/wp-json\/wp\/v2\/media?parent=861"}],"wp:term":[{"taxonomy":"product_brand","embeddable":true,"href":"https:\/\/institut-itp.si\/en\/wp-json\/wp\/v2\/product_brand?post=861"},{"taxonomy":"product_cat","embeddable":true,"href":"https:\/\/institut-itp.si\/en\/wp-json\/wp\/v2\/product_cat?post=861"},{"taxonomy":"product_tag","embeddable":true,"href":"https:\/\/institut-itp.si\/en\/wp-json\/wp\/v2\/product_tag?post=861"}],"curies":[{"name":"wp","href":"https:\/\/api.w.org\/{rel}","templated":true}]}}